{"id":33,"date":"2014-09-23T15:49:21","date_gmt":"2014-09-23T13:49:21","guid":{"rendered":"http:\/\/nk-symposium.org\/aknk\/?page_id=33"},"modified":"2026-03-01T12:05:58","modified_gmt":"2026-03-01T10:05:58","slug":"contact","status":"publish","type":"page","link":"http:\/\/nk-symposium.org\/aknk\/?page_id=33","title":{"rendered":"Contact"},"content":{"rendered":"<p style=\"text-align: center;\">For questions or information please contact<br \/>\nthe speaker or deputy speaker of the Study Group:<\/p>\n<p style=\"text-align: center;\">Prof. Dr. Markus Uhrberg<br \/>\nInstitute for Transplantation Diagnostics and Cell Therapeutics<br \/>\nBuilding 14.80<br \/>\nMoorenstr. 5<br \/>\n40225 D\u00fcsseldorf<br \/>\nEmail: <a href=\"mailto:Markus.Uhrberg@med.uni-duesseldorf.de\">Markus.Uhrberg@med.uni-duesseldorf.de<\/a><\/p>\n<p style=\"text-align: center;\">Prof. Dr. Evelyn Ullrich<br \/>\nExperimentelle Immunologie<br \/>\nUniversit\u00e4tsklinikum Frankfurt<br \/>\nKlinik f\u00fcr Kinder- und Jugendmedizin<br \/>\nTheodor-Stern-Kai 7 \/ 32E<br \/>\nD-60590 Frankfurt<br \/>\nEmail: <a href=\"mailto:evelyn.ullrich@kgu.de\">evelyn.ullrich@kgu.de<\/a><\/p>\n","protected":false},"excerpt":{"rendered":"<p>For questions or information please contact the speaker or deputy speaker of the Study Group: Prof. Dr. Markus Uhrberg Institute for Transplantation Diagnostics and Cell Therapeutics Building 14.80 Moorenstr. 5 40225 D\u00fcsseldorf Email: Markus.Uhrberg@med.uni-duesseldorf.de Prof. Dr. Evelyn Ullrich Experimentelle Immunologie Universit\u00e4tsklinikum Frankfurt Klinik f\u00fcr Kinder- und Jugendmedizin Theodor-Stern-Kai 7 \/ 32E D-60590 Frankfurt Email: evelyn.ullrich@kgu.de<\/p>\n","protected":false},"author":1,"featured_media":0,"parent":0,"menu_order":2,"comment_status":"closed","ping_status":"closed","template":"","meta":[],"_links":{"self":[{"href":"http:\/\/nk-symposium.org\/aknk\/index.php?rest_route=\/wp\/v2\/pages\/33"}],"collection":[{"href":"http:\/\/nk-symposium.org\/aknk\/index.php?rest_route=\/wp\/v2\/pages"}],"about":[{"href":"http:\/\/nk-symposium.org\/aknk\/index.php?rest_route=\/wp\/v2\/types\/page"}],"author":[{"embeddable":true,"href":"http:\/\/nk-symposium.org\/aknk\/index.php?rest_route=\/wp\/v2\/users\/1"}],"replies":[{"embeddable":true,"href":"http:\/\/nk-symposium.org\/aknk\/index.php?rest_route=%2Fwp%2Fv2%2Fcomments&post=33"}],"version-history":[{"count":11,"href":"http:\/\/nk-symposium.org\/aknk\/index.php?rest_route=\/wp\/v2\/pages\/33\/revisions"}],"predecessor-version":[{"id":696,"href":"http:\/\/nk-symposium.org\/aknk\/index.php?rest_route=\/wp\/v2\/pages\/33\/revisions\/696"}],"wp:attachment":[{"href":"http:\/\/nk-symposium.org\/aknk\/index.php?rest_route=%2Fwp%2Fv2%2Fmedia&parent=33"}],"curies":[{"name":"wp","href":"https:\/\/api.w.org\/{rel}","templated":true}]}}