{"id":41,"date":"2014-09-23T15:55:34","date_gmt":"2014-09-23T13:55:34","guid":{"rendered":"http:\/\/nk-symposium.org\/aknk\/?page_id=41"},"modified":"2024-05-29T09:53:43","modified_gmt":"2024-05-29T07:53:43","slug":"aktivitaeten","status":"publish","type":"page","link":"http:\/\/nk-symposium.org\/aknk\/?page_id=41","title":{"rendered":"Aktivit\u00e4ten"},"content":{"rendered":"<p>Das Hauptanliegen des Arbeitskreises NK-Zellen und ILCs ist es, ein Netzwerk zu etablieren, um die Forschung auf diesem wichtigen Gebiet der Immunologie auf nationaler Ebene besser zu koordinieren und auch international sichtbarer zu machen und auszubauen. Dazu stehen uns eine Reihe von Aktivit\u00e4ten zur Verf\u00fcgung.<\/p>\n<ul>\n<li>Eine Emailliste der Mitglieder kann f\u00fcr den Austausch von Reagenzien, Protokollen und Expertise genutzt werden. \u00dcber die\u00a0<a title=\"Mitgliedschaft\" href=\"http:\/\/nk-symposium.org\/aknk\/?page_id=45\">Anmeldung zum Arbeitskreis<\/a>\u00a0wird man automatisch in den Verteiler aufgenommen.<\/li>\n<li>Ein weiteres wichtiges Instrument des Arbeitskreises ist ein j\u00e4hrliches Symposium, das zur Diskussion aktueller Themen aus dem Gebiet der NK-Zellen und ILC1-3 dient.\u00a0<\/li>\n<\/ul>\n<p>Bisher ausgerichtete und zuk\u00fcnftige Symposien:<\/p>\n<ul>\n<li><a href=\"http:\/\/2006.NK-symposium.org\">NK Cell Symposium 2006<\/a> (Heidelberg)<\/li>\n<li><a href=\"http:\/\/2008.NK-symposium.org\">NK Cell Symposium 2008<\/a> (Bad Herrenalb)<\/li>\n<li><a href=\"http:\/\/2009.NK-symposium.org\">NK Cell Symposium 2009<\/a> (Freiburg)<\/li>\n<li>NK2010 (im Rahmen der DGfI\u00a0Jahrestagung in Leipzig)<\/li>\n<li><a href=\"http:\/\/2011.NK-symposium.org\">NK Cell Symposium 2011<\/a> (Mainz)<\/li>\n<li><a href=\"http:\/\/2012.NK-symposium.org\">NK Cell Symposium 2012<\/a> (Heidelberg)<\/li>\n<li><a href=\"http:\/\/2013.NK-Symposium.org\">NK2013 Heidelberg<\/a>\u00a0&#8211; 14th Meeting of the Society for Natural Immunity<\/li>\n<li><a href=\"http:\/\/2014.NK-Symposium.org\" target=\"_blank\" rel=\"noopener noreferrer\">NK Cell Symposium 2014<\/a> (Hannover)<\/li>\n<li><a href=\"http:\/\/2015.NK-Symposium.org\" target=\"_blank\" rel=\"noopener noreferrer\">NK Cell Symposium 2015<\/a> (G\u00f6ttingen)<\/li>\n<li>NK Cell Symposium 2016 (Satellitensymposium der DGfI\u00a0Jahrestagung in Hamburg)<\/li>\n<li><a href=\"http:\/\/2017.NK-Symposium.org\" target=\"_blank\" rel=\"noopener noreferrer\">NK Cell Symposium 2017<\/a> (D\u00fcsseldorf)<\/li>\n<li><a href=\"http:\/\/2018.nk-symposium.org\/\">NK Cell Symposium 2018<\/a> (Hamburg)<\/li>\n<li>NK Cell Symposium 2019 (Satellitensymposium der gemeinsamen Tagung der DGfl und der SIICA in M\u00fcnchen, 10. Sep. 2019)<\/li>\n<li>NK Cell Symposium 2020 (Berlin) &#8211; verschoben auf 2021<\/li>\n<li><a href=\"http:\/\/2021.NK-symposium.org\">NK Cell Symposium 2021<\/a> (Berlin)<\/li>\n<li>NK Cell Symposium 2022 (Satellitensymposium der gemeinsamen Tagung der DGfI und der \u00d6GAI in Hannover, 07. Sep. 2022)<\/li>\n<li><span lang=\"EN-US\"><a href=\"http:\/\/NK-symposium.org\">NK Cell Symposium 2023<\/a> (Gemeinsam mit ILC Meeting \u201ePriority Programme ILCs) W\u00fcrzburg, 20-23. <\/span>Juni 2023<\/li>\n<li><a href=\"https:\/\/www.nk-ilc-symposium2024.com\/\">NK Cell Symposium 2024<\/a> (Gemeinsam mit den franz\u00f6sischen Immunologen in Lyon, Frankreich vom 16-18 Oktober 2024)<\/li>\n<\/ul>\n\n\n<p><\/p>\n","protected":false},"excerpt":{"rendered":"<p>Das Hauptanliegen des Arbeitskreises NK-Zellen und ILCs ist es, ein Netzwerk zu etablieren, um die Forschung auf diesem wichtigen Gebiet der Immunologie auf nationaler Ebene besser zu koordinieren und auch international sichtbarer zu machen und auszubauen. Dazu stehen uns eine Reihe von Aktivit\u00e4ten zur Verf\u00fcgung. Eine Emailliste der Mitglieder kann f\u00fcr den Austausch von Reagenzien, [&hellip;]<\/p>\n","protected":false},"author":1,"featured_media":0,"parent":0,"menu_order":4,"comment_status":"closed","ping_status":"closed","template":"","meta":[],"_links":{"self":[{"href":"http:\/\/nk-symposium.org\/aknk\/index.php?rest_route=\/wp\/v2\/pages\/41"}],"collection":[{"href":"http:\/\/nk-symposium.org\/aknk\/index.php?rest_route=\/wp\/v2\/pages"}],"about":[{"href":"http:\/\/nk-symposium.org\/aknk\/index.php?rest_route=\/wp\/v2\/types\/page"}],"author":[{"embeddable":true,"href":"http:\/\/nk-symposium.org\/aknk\/index.php?rest_route=\/wp\/v2\/users\/1"}],"replies":[{"embeddable":true,"href":"http:\/\/nk-symposium.org\/aknk\/index.php?rest_route=%2Fwp%2Fv2%2Fcomments&post=41"}],"version-history":[{"count":39,"href":"http:\/\/nk-symposium.org\/aknk\/index.php?rest_route=\/wp\/v2\/pages\/41\/revisions"}],"predecessor-version":[{"id":731,"href":"http:\/\/nk-symposium.org\/aknk\/index.php?rest_route=\/wp\/v2\/pages\/41\/revisions\/731"}],"wp:attachment":[{"href":"http:\/\/nk-symposium.org\/aknk\/index.php?rest_route=%2Fwp%2Fv2%2Fmedia&parent=41"}],"curies":[{"name":"wp","href":"https:\/\/api.w.org\/{rel}","templated":true}]}}